{"id":1034,"date":"2021-01-02T22:55:14","date_gmt":"2021-01-02T22:55:14","guid":{"rendered":"http:\/\/tiagocardosopinto.com\/?page_id=1034"},"modified":"2021-01-03T19:28:54","modified_gmt":"2021-01-03T19:28:54","slug":"branding","status":"publish","type":"page","link":"https:\/\/tiagocardosopinto.com\/en\/branding\/","title":{"rendered":"Branding"},"content":{"rendered":"<h3 class=\"wp-block-heading\">Most recent branding projects, made for clients working in various industries.<\/h3>\n\n\n\n<figure class=\"wp-block-image size-large\"><img fetchpriority=\"high\" decoding=\"async\" width=\"1024\" height=\"1024\" src=\"http:\/\/tiagocardosopinto.com\/wp-content\/uploads\/2021\/01\/culturgrama-1024x1024.png\" alt=\"\" class=\"wp-image-1065\"\/><\/figure>\n\n\n\n<p><strong><a href=\"https:\/\/www.facebook.com\/culturgrama\" target=\"_blank\" aria-label=\"Culturgrama (opens in a new tab)\" rel=\"noreferrer noopener\" class=\"rank-math-link\">Culturgrama<\/a><\/strong> is a culture promoter project, based in Portugal.<\/p>\n\n\n\n<figure class=\"wp-block-image size-large\"><img decoding=\"async\" width=\"1024\" height=\"1024\" src=\"http:\/\/tiagocardosopinto.com\/wp-content\/uploads\/2021\/01\/lostroom-1024x1024.png\" alt=\"\" class=\"wp-image-1057\"\/><\/figure>\n\n\n\n<p><strong><a href=\"http:\/\/www.lostroom.pt\" target=\"_blank\" aria-label=\"Lostroom Portugal (opens in a new tab)\" rel=\"noreferrer noopener\" class=\"rank-math-link\">Lostroom Portugal<\/a><\/strong> is a <em>escape room<\/em> located in Lisbon, Portugal. The company asked for the redesign of their previous branding, which derived from their former owners in Barcelona.<br>The logo mimics a different themed rooms shaped like the map of Portugal<\/p>\n\n\n\n<figure class=\"wp-block-image size-large\"><img decoding=\"async\" width=\"1024\" height=\"1024\" src=\"http:\/\/tiagocardosopinto.com\/wp-content\/uploads\/2021\/01\/i-vente-1024x1024.png\" alt=\"\" class=\"wp-image-1058\"\/><\/figure>\n\n\n\n<p><strong>i-Vente<\/strong> is a culture and show agency in Madeira, Portugal.<\/p>\n\n\n\n<figure class=\"wp-block-image size-large\"><img loading=\"lazy\" decoding=\"async\" width=\"1024\" height=\"1024\" src=\"http:\/\/tiagocardosopinto.com\/wp-content\/uploads\/2021\/01\/oComercio-1024x1024.png\" alt=\"\" class=\"wp-image-1059\"\/><\/figure>\n\n\n\n<p><strong><a href=\"http:\/\/www.ocomercio.net\" target=\"_blank\" aria-label=\"O Com\u00e9rcio de Massam\u00e1 e Monte Abra\u00e3o (opens in a new tab)\" rel=\"noreferrer noopener\" class=\"rank-math-link\">O Com\u00e9rcio de Massam\u00e1 e Monte Abra\u00e3o<\/a><\/strong> is a local newspaper, in Massam\u00e1, Portugal.<br>The logo reflects the local council flag.<\/p>\n\n\n\n<figure class=\"wp-block-image size-large\"><img loading=\"lazy\" decoding=\"async\" width=\"1024\" height=\"1024\" src=\"http:\/\/tiagocardosopinto.com\/wp-content\/uploads\/2021\/01\/ragdollmedia-1024x1024.png\" alt=\"\" class=\"wp-image-1060\"\/><\/figure>\n\n\n\n<p><strong><a aria-label=\"Ragdoll Media (opens in a new tab)\" href=\"http:\/\/www.ragdollmedia.co.uk\" target=\"_blank\" rel=\"noreferrer noopener\" class=\"rank-math-link\">Ragdoll Media<\/a><\/strong> is the brand used by Tiago Cardoso Pinto in the British events photography market.<br>The branding was created around the idea of Ragdoll cats, the team's favourites.<\/p>\n\n\n\n<figure class=\"wp-block-image size-large\"><img loading=\"lazy\" decoding=\"async\" width=\"1024\" height=\"1024\" src=\"http:\/\/tiagocardosopinto.com\/wp-content\/uploads\/2021\/01\/synsta-1024x1024.png\" alt=\"\" class=\"wp-image-1067\"\/><\/figure>\n\n\n\n<p><strong><a href=\"https:\/\/synsta.com\/\" target=\"_blank\" aria-label=\"Synsta (opens in a new tab)\" rel=\"noreferrer noopener\" class=\"rank-math-link\">Synsta<\/a><\/strong> is a British IT startup.<\/p>\n\n\n\n<figure class=\"wp-block-image size-large\"><img loading=\"lazy\" decoding=\"async\" width=\"1024\" height=\"1024\" src=\"http:\/\/tiagocardosopinto.com\/wp-content\/uploads\/2021\/01\/setepontosete-1024x1024.png\" alt=\"\" class=\"wp-image-1061\"\/><\/figure>\n\n\n\n<p><strong><a aria-label=\" (opens in a new tab)\" href=\"http:\/\/www.setepontosete.pt\" target=\"_blank\" rel=\"noreferrer noopener\" class=\"rank-math-link\">7.7 &#8211;  a Telefonia da Rede<\/a><\/strong> is an online radio station which broadcasts from Portugal to the rest of the world.<\/p>\n\n\n\n<figure class=\"wp-block-image size-large\"><img loading=\"lazy\" decoding=\"async\" width=\"1024\" height=\"1024\" src=\"http:\/\/tiagocardosopinto.com\/wp-content\/uploads\/2021\/01\/Vertice-1024x1024.png\" alt=\"\" class=\"wp-image-1062\"\/><\/figure>\n\n\n\n<p><strong><a href=\"https:\/\/www.facebook.com\/emlegitimadefesa\" target=\"_blank\" aria-label=\"V\u00e9rtice (opens in a new tab)\" rel=\"noreferrer noopener\" class=\"rank-math-link\">V\u00e9rtice<\/a><\/strong> is a unique musical project, from Madeira, Portugal.<br>The band's music joins the lyrics of local poets with the compositions of Toz\u00e9 Cardoso, traditional instruments from the islands along more mainstream instruments and the voice of actor Ant\u00f3nio Pl\u00e1cido Ferreira.<\/p>","protected":false},"excerpt":{"rendered":"<p>Os trabalhos de branding mais recentes, para clientes de v\u00e1rias \u00e1reas de actividade. Culturgrama \u00e9 um projecto de dinamiza\u00e7\u00e3o cultural portugu\u00eas. Lostroom Portugal \u00e9 uma escape room em Lisboa, Portugal. A empresa pediu o redesign da imagem anterior, que era derivado da antiga casa-m\u00e3e, em Barcelona.O log\u00f3tipo sintetiza salas com diversos temas, em forma do [&hellip;]<\/p>\n","protected":false},"author":1,"featured_media":0,"parent":0,"menu_order":0,"comment_status":"closed","ping_status":"closed","template":"","meta":{"footnotes":""},"class_list":["post-1034","page","type-page","status-publish","hentry"],"_links":{"self":[{"href":"https:\/\/tiagocardosopinto.com\/en\/wp-json\/wp\/v2\/pages\/1034","targetHints":{"allow":["GET"]}}],"collection":[{"href":"https:\/\/tiagocardosopinto.com\/en\/wp-json\/wp\/v2\/pages"}],"about":[{"href":"https:\/\/tiagocardosopinto.com\/en\/wp-json\/wp\/v2\/types\/page"}],"author":[{"embeddable":true,"href":"https:\/\/tiagocardosopinto.com\/en\/wp-json\/wp\/v2\/users\/1"}],"replies":[{"embeddable":true,"href":"https:\/\/tiagocardosopinto.com\/en\/wp-json\/wp\/v2\/comments?post=1034"}],"version-history":[{"count":4,"href":"https:\/\/tiagocardosopinto.com\/en\/wp-json\/wp\/v2\/pages\/1034\/revisions"}],"predecessor-version":[{"id":1068,"href":"https:\/\/tiagocardosopinto.com\/en\/wp-json\/wp\/v2\/pages\/1034\/revisions\/1068"}],"wp:attachment":[{"href":"https:\/\/tiagocardosopinto.com\/en\/wp-json\/wp\/v2\/media?parent=1034"}],"curies":[{"name":"wp","href":"https:\/\/api.w.org\/{rel}","templated":true}]}}