{"id":1040,"date":"2021-01-02T22:56:27","date_gmt":"2021-01-02T22:56:27","guid":{"rendered":"http:\/\/tiagocardosopinto.com\/?page_id=1040"},"modified":"2021-02-03T22:33:41","modified_gmt":"2021-02-03T22:33:41","slug":"editorial","status":"publish","type":"page","link":"https:\/\/tiagocardosopinto.com\/en\/editorial\/","title":{"rendered":"Editorial"},"content":{"rendered":"<h2 class=\"wp-block-heading\">Impertinente &#8211; Primeira Temporada<\/h2>\n\n\n\n<p>Quando o &#8220;Santo&#8221; Charuto fez o desafio para criar a capa do seu primeiro livro de cr\u00f3nicas, adaptadas do programa de r\u00e1dio &#8220;Impertinente&#8221; na 7.7 &#8211; A Telefonia da Rede, a primeira dificuldade foi lembrar-me de uma imagem que preenchesse a ideia do programa, sendo diferente do costumeiro da r\u00e1dio nacional.<\/p>\n\n\n\n<p>No meio de uma pandemia, o que limita ainda mais as op\u00e7\u00f5es criativas, lembrei.me desta imagem, feita na cidade de Hobart, capital da ilha australiana da Tasm\u00e2nia.<\/p>\n\n\n\n<p>O design do livro foi simples e minimal. Cr\u00fa, como as palavras com que o &#8220;Santo&#8221; Charuto enche as noites de Domingo nas 7.7.<\/p>\n\n\n\n<p>O design e a pagina\u00e7\u00e3o foram feitos para a plataforma Amazon Kindle, devidamente validados.<\/p>\n\n\n\n<figure class=\"wp-block-gallery columns-4 is-cropped wp-block-gallery-1 is-layout-flex wp-block-gallery-is-layout-flex\"><ul class=\"blocks-gallery-grid\"><li class=\"blocks-gallery-item\"><figure><img fetchpriority=\"high\" decoding=\"async\" width=\"600\" height=\"1024\" src=\"https:\/\/tiagocardosopinto.com\/wp-content\/uploads\/2021\/02\/Impertinente_1aTemporada_capa-1-1.jpg\" alt=\"\" data-id=\"1121\" data-full-url=\"https:\/\/tiagocardosopinto.com\/wp-content\/uploads\/2021\/02\/Impertinente_1aTemporada_capa-1-1.jpg\" data-link=\"https:\/\/tiagocardosopinto.com\/editorial\/impertinente_1atemporada_capa-1-1\/\" class=\"wp-image-1121\"\/><figcaption class=\"blocks-gallery-item__caption\">Capa<\/figcaption><\/figure><\/li><li class=\"blocks-gallery-item\"><figure><img decoding=\"async\" width=\"600\" height=\"1024\" src=\"https:\/\/tiagocardosopinto.com\/wp-content\/uploads\/2021\/02\/Impertinente_1aTemporada_prefacio-3.jpg\" alt=\"\" data-id=\"1120\" data-link=\"https:\/\/tiagocardosopinto.com\/editorial\/impertinente_1atemporada_prefacio-3\/\" class=\"wp-image-1120\"\/><figcaption class=\"blocks-gallery-item__caption\">Pref\u00e1cio<\/figcaption><\/figure><\/li><li class=\"blocks-gallery-item\"><figure><img decoding=\"async\" width=\"600\" height=\"1024\" src=\"https:\/\/tiagocardosopinto.com\/wp-content\/uploads\/2021\/02\/Impertinente_1aTemporada_capitulo-14.jpg\" alt=\"\" data-id=\"1119\" data-link=\"https:\/\/tiagocardosopinto.com\/editorial\/impertinente_1atemporada_capitulo-14\/\" class=\"wp-image-1119\"\/><figcaption class=\"blocks-gallery-item__caption\">Exemplo de cap\u00edtulo<\/figcaption><\/figure><\/li><li class=\"blocks-gallery-item\"><figure><img loading=\"lazy\" decoding=\"async\" width=\"600\" height=\"1024\" src=\"https:\/\/tiagocardosopinto.com\/wp-content\/uploads\/2021\/02\/Impertinente_1aTemporada_contracapa-74.jpg\" alt=\"\" data-id=\"1118\" data-link=\"https:\/\/tiagocardosopinto.com\/editorial\/impertinente_1atemporada_contracapa-74\/\" class=\"wp-image-1118\"\/><figcaption class=\"blocks-gallery-item__caption\">Contracapa<\/figcaption><\/figure><\/li><\/ul><\/figure>\n\n\n\n<p>Autor: O &#8220;Santo&#8221; Charuto<br>Pref\u00e1cio: H\u00e9lder Santos<br>Capa e design: Tiago Cardoso Pinto<br>N\u00famero de p\u00e1ginas: 74<br>Edi\u00e7\u00e3o: Fevereiro 2021<br>Plataforma: Amazon Kindle<\/p>","protected":false},"excerpt":{"rendered":"<p>Impertinente &#8211; Primeira Temporada Quando o &#8220;Santo&#8221; Charuto fez o desafio para criar a capa do seu primeiro livro de cr\u00f3nicas, adaptadas do programa de r\u00e1dio &#8220;Impertinente&#8221; na 7.7 &#8211; A Telefonia da Rede, a primeira dificuldade foi lembrar-me de uma imagem que preenchesse a ideia do programa, sendo diferente do costumeiro da r\u00e1dio nacional. [&hellip;]<\/p>\n","protected":false},"author":1,"featured_media":0,"parent":0,"menu_order":0,"comment_status":"closed","ping_status":"closed","template":"","meta":{"footnotes":""},"class_list":["post-1040","page","type-page","status-publish","hentry"],"_links":{"self":[{"href":"https:\/\/tiagocardosopinto.com\/en\/wp-json\/wp\/v2\/pages\/1040","targetHints":{"allow":["GET"]}}],"collection":[{"href":"https:\/\/tiagocardosopinto.com\/en\/wp-json\/wp\/v2\/pages"}],"about":[{"href":"https:\/\/tiagocardosopinto.com\/en\/wp-json\/wp\/v2\/types\/page"}],"author":[{"embeddable":true,"href":"https:\/\/tiagocardosopinto.com\/en\/wp-json\/wp\/v2\/users\/1"}],"replies":[{"embeddable":true,"href":"https:\/\/tiagocardosopinto.com\/en\/wp-json\/wp\/v2\/comments?post=1040"}],"version-history":[{"count":2,"href":"https:\/\/tiagocardosopinto.com\/en\/wp-json\/wp\/v2\/pages\/1040\/revisions"}],"predecessor-version":[{"id":1122,"href":"https:\/\/tiagocardosopinto.com\/en\/wp-json\/wp\/v2\/pages\/1040\/revisions\/1122"}],"wp:attachment":[{"href":"https:\/\/tiagocardosopinto.com\/en\/wp-json\/wp\/v2\/media?parent=1040"}],"curies":[{"name":"wp","href":"https:\/\/api.w.org\/{rel}","templated":true}]}}