{"id":47,"date":"2018-03-07T17:31:09","date_gmt":"2018-03-07T17:31:09","guid":{"rendered":"http:\/\/tiagocardosopinto.com\/?page_id=47"},"modified":"2021-01-02T22:52:53","modified_gmt":"2021-01-02T22:52:53","slug":"biografia","status":"publish","type":"page","link":"https:\/\/tiagocardosopinto.com\/en\/biografia\/","title":{"rendered":"Biography"},"content":{"rendered":"<figure class=\"wp-block-image\"><img fetchpriority=\"high\" decoding=\"async\" width=\"1200\" height=\"543\" src=\"http:\/\/tiagocardosopinto.com\/wp-content\/uploads\/2018\/03\/site-2018_Bio-1.jpg\" alt=\"\" class=\"wp-image-109\"\/><\/figure>\n\n\n\n<p>Professional photographer since 2000, developed most of his work<\/p>\n\n\n\n<p>Em Portugal, al\u00e9m do trabalho como fot\u00f3grafo de est\u00fadio, arquitectura e produto, foi ainda colaborador e editor das revistas de fotografia &#8220;DP-Arte Fotogr\u00e1fica&#8221; e &#8220;Dilema&#8221;, como respons\u00e1vel pela escolha de portf\u00f3lios de fot\u00f3grafos nacionais e internacionais e gestor de conte\u00fados multim\u00e9dia.<\/p>\n\n\n\n<p>Em 2013 foi contratado pela startup portuguesa de cruzeiros Portuscale Cruises para assegurar os portf\u00f3lio fotogr\u00e1fico do paquete Porto, bem como o acompanhamento da obra de reconstru\u00e7\u00e3o e portf\u00f3lio oficial do renovado paquete Funchal, tendo ganho a concess\u00e3o de fotografia a bordo dos navios da companhia.&nbsp;<\/p>\n\n\n\n<p>Desde 2019 a residir no Reino Unido, depois de exercer fun\u00e7\u00f5es como gestor de departamento de Fotografia nas companhias de cruzeiros Fathom e P&amp;O Cruises.<\/p>","protected":false},"excerpt":{"rendered":"<p>Fot\u00f3grafo profissional desde 2000, desenvolveu diversos trabalhos para o mercado internacional, com especial destaque para os mercados norte-americano e brit\u00e2nico, como fot\u00f3grafo de est\u00fadio, arquitectura e paisagem. Em Portugal, al\u00e9m do trabalho como fot\u00f3grafo de est\u00fadio, arquitectura e produto, foi ainda colaborador e editor das revistas de fotografia &#8220;DP-Arte Fotogr\u00e1fica&#8221; e &#8220;Dilema&#8221;, como respons\u00e1vel pela [&hellip;]<\/p>\n","protected":false},"author":1,"featured_media":0,"parent":0,"menu_order":0,"comment_status":"closed","ping_status":"closed","template":"","meta":{"footnotes":""},"class_list":["post-47","page","type-page","status-publish","hentry"],"_links":{"self":[{"href":"https:\/\/tiagocardosopinto.com\/en\/wp-json\/wp\/v2\/pages\/47","targetHints":{"allow":["GET"]}}],"collection":[{"href":"https:\/\/tiagocardosopinto.com\/en\/wp-json\/wp\/v2\/pages"}],"about":[{"href":"https:\/\/tiagocardosopinto.com\/en\/wp-json\/wp\/v2\/types\/page"}],"author":[{"embeddable":true,"href":"https:\/\/tiagocardosopinto.com\/en\/wp-json\/wp\/v2\/users\/1"}],"replies":[{"embeddable":true,"href":"https:\/\/tiagocardosopinto.com\/en\/wp-json\/wp\/v2\/comments?post=47"}],"version-history":[{"count":5,"href":"https:\/\/tiagocardosopinto.com\/en\/wp-json\/wp\/v2\/pages\/47\/revisions"}],"predecessor-version":[{"id":1031,"href":"https:\/\/tiagocardosopinto.com\/en\/wp-json\/wp\/v2\/pages\/47\/revisions\/1031"}],"wp:attachment":[{"href":"https:\/\/tiagocardosopinto.com\/en\/wp-json\/wp\/v2\/media?parent=47"}],"curies":[{"name":"wp","href":"https:\/\/api.w.org\/{rel}","templated":true}]}}