{"id":991,"date":"2021-01-02T21:13:54","date_gmt":"2021-01-02T21:13:54","guid":{"rendered":"http:\/\/tiagocardosopinto.com\/?page_id=991"},"modified":"2021-01-02T21:21:24","modified_gmt":"2021-01-02T21:21:24","slug":"projectos","status":"publish","type":"page","link":"https:\/\/tiagocardosopinto.com\/en\/projectos\/","title":{"rendered":"Projects"},"content":{"rendered":"<div data-elementor-type=\"wp-page\" data-elementor-id=\"991\" class=\"elementor elementor-991\" data-elementor-settings=\"{&quot;ha_cmc_init_switcher&quot;:&quot;no&quot;}\">\n\t\t\t\t\t\t<section class=\"elementor-section elementor-top-section elementor-element elementor-element-16af16e elementor-section-boxed elementor-section-height-default elementor-section-height-default\" data-id=\"16af16e\" data-element_type=\"section\" data-e-type=\"section\" data-settings=\"{&quot;_ha_eqh_enable&quot;:false}\">\n\t\t\t\t\t\t<div class=\"elementor-container elementor-column-gap-default\">\n\t\t\t\t\t<div class=\"elementor-column elementor-col-100 elementor-top-column elementor-element elementor-element-17d71f1\" data-id=\"17d71f1\" data-element_type=\"column\" data-e-type=\"column\">\n\t\t\t<div class=\"elementor-widget-wrap elementor-element-populated\">\n\t\t\t\t\t\t<div class=\"elementor-element elementor-element-31015da elementor-invisible elementor-widget elementor-widget-elementskit-post-grid\" data-id=\"31015da\" data-element_type=\"widget\" data-e-type=\"widget\" data-settings=\"{&quot;_animation&quot;:&quot;fadeIn&quot;}\" data-widget_type=\"elementskit-post-grid.default\">\n\t\t\t\t<div class=\"elementor-widget-container\">\n\t\t\t\t\t<div class=\"ekit-wid-con\" >\n        <div class=\"ekit--tab__post__details ekit-post_grid\">\n                                <\/div>\n    <\/div>\t\t\t\t<\/div>\n\t\t\t\t<\/div>\n\t\t\t\t\t<\/div>\n\t\t<\/div>\n\t\t\t\t\t<\/div>\n\t\t<\/section>\n\t\t\t\t<\/div>","protected":false},"excerpt":{"rendered":"<p>A \u00daltima Viagem do Paquete Porto Quinta da Geia Paquete Porto Quando o Paquete Funchal voltou ao Mar Reconstru\u00e7\u00e3o do Paquete Funchal Cemit\u00e9rio dos Prazeres Real F\u00e1brica de Fia\u00e7\u00e3o de Tomar Gold Rush Gone Lugar do Cinema<\/p>","protected":false},"author":1,"featured_media":0,"parent":0,"menu_order":0,"comment_status":"closed","ping_status":"closed","template":"","meta":{"footnotes":""},"class_list":["post-991","page","type-page","status-publish","hentry"],"_links":{"self":[{"href":"https:\/\/tiagocardosopinto.com\/en\/wp-json\/wp\/v2\/pages\/991","targetHints":{"allow":["GET"]}}],"collection":[{"href":"https:\/\/tiagocardosopinto.com\/en\/wp-json\/wp\/v2\/pages"}],"about":[{"href":"https:\/\/tiagocardosopinto.com\/en\/wp-json\/wp\/v2\/types\/page"}],"author":[{"embeddable":true,"href":"https:\/\/tiagocardosopinto.com\/en\/wp-json\/wp\/v2\/users\/1"}],"replies":[{"embeddable":true,"href":"https:\/\/tiagocardosopinto.com\/en\/wp-json\/wp\/v2\/comments?post=991"}],"version-history":[{"count":5,"href":"https:\/\/tiagocardosopinto.com\/en\/wp-json\/wp\/v2\/pages\/991\/revisions"}],"predecessor-version":[{"id":997,"href":"https:\/\/tiagocardosopinto.com\/en\/wp-json\/wp\/v2\/pages\/991\/revisions\/997"}],"wp:attachment":[{"href":"https:\/\/tiagocardosopinto.com\/en\/wp-json\/wp\/v2\/media?parent=991"}],"curies":[{"name":"wp","href":"https:\/\/api.w.org\/{rel}","templated":true}]}}